{"id":931,"date":"2023-03-15T16:27:14","date_gmt":"2023-03-15T15:27:14","guid":{"rendered":"https:\/\/www.prioratenoturisme.com\/priorat\/nuestros-aceites\/"},"modified":"2023-04-20T22:24:35","modified_gmt":"2023-04-20T21:24:35","slug":"nuestros-aceites","status":"publish","type":"page","link":"https:\/\/www.prioratenoturisme.com\/es\/priorat\/nuestros-aceites\/","title":{"rendered":"Nuestros aceites"},"content":{"rendered":"<p>[et_pb_section fb_built=\u00bb1&#8243; _builder_version=\u00bb4.20.4&#8243; _module_preset=\u00bbdefault\u00bb background_color=\u00bb#683538&#8243; custom_padding=\u00bb0px||0px||true|false\u00bb global_colors_info=\u00bb{}\u00bb][et_pb_row use_custom_gutter=\u00bbon\u00bb gutter_width=\u00bb1&#8243; make_equal=\u00bbon\u00bb _builder_version=\u00bb4.20.4&#8243; _module_preset=\u00bbdefault\u00bb background_enable_color=\u00bboff\u00bb width=\u00bb100%\u00bb max_width=\u00bb85%\u00bb custom_margin=\u00bb||||false|false\u00bb custom_padding=\u00bb60px|0px|15px|0px|false|false\u00bb global_colors_info=\u00bb{}\u00bb][et_pb_column type=\u00bb4_4&#8243; _builder_version=\u00bb4.20.4&#8243; _module_preset=\u00bbdefault\u00bb background_enable_image=\u00bboff\u00bb global_colors_info=\u00bb{}\u00bb][et_pb_post_title meta=\u00bboff\u00bb featured_image=\u00bboff\u00bb _builder_version=\u00bb4.20.4&#8243; _module_preset=\u00bbdefault\u00bb title_font=\u00bb||||||||\u00bb title_text_align=\u00bbcenter\u00bb title_text_color=\u00bb#FFFFFF\u00bb title_font_size=\u00bb60px\u00bb custom_margin=\u00bb||0px|||\u00bb title_text_align_tablet=\u00bbcenter\u00bb title_text_align_phone=\u00bbleft\u00bb title_text_align_last_edited=\u00bbon|phone\u00bb title_font_size_tablet=\u00bb60px\u00bb title_font_size_phone=\u00bb44px\u00bb title_font_size_last_edited=\u00bbon|phone\u00bb title_line_height_tablet=\u00bb\u00bb title_line_height_phone=\u00bb1.2em\u00bb title_line_height_last_edited=\u00bbon|phone\u00bb global_colors_info=\u00bb{}\u00bb][\/et_pb_post_title][\/et_pb_column][\/et_pb_row][\/et_pb_section][et_pb_section fb_built=\u00bb1&#8243; _builder_version=\u00bb4.20.4&#8243; _module_preset=\u00bbdefault\u00bb background_enable_color=\u00bboff\u00bb custom_padding=\u00bb0px||0px||false|false\u00bb global_colors_info=\u00bb{}\u00bb][et_pb_row use_custom_gutter=\u00bbon\u00bb gutter_width=\u00bb1&#8243; make_equal=\u00bbon\u00bb _builder_version=\u00bb4.20.4&#8243; _module_preset=\u00bbdefault\u00bb background_enable_color=\u00bboff\u00bb width=\u00bb100%\u00bb max_width=\u00bb85%\u00bb custom_margin=\u00bb||||false|false\u00bb custom_padding=\u00bb80px|0px|80px|0px|true|true\u00bb global_colors_info=\u00bb{}\u00bb][et_pb_column type=\u00bb4_4&#8243; _builder_version=\u00bb4.20.4&#8243; _module_preset=\u00bbdefault\u00bb background_enable_image=\u00bboff\u00bb global_colors_info=\u00bb{}\u00bb][et_pb_text _builder_version=\u00bb4.20.4&#8243; _module_preset=\u00bbdefault\u00bb text_font=\u00bb|300|||||||\u00bb text_font_size=\u00bb16pt\u00bb text_line_height=\u00bb2em\u00bb custom_margin=\u00bb-3px|||||\u00bb text_font_size_tablet=\u00bb16pt\u00bb text_font_size_phone=\u00bb14pt\u00bb text_font_size_last_edited=\u00bbon|phone\u00bb global_colors_info=\u00bb{}\u00bb]Los aceites de la comarca del Priorat, en la provincia de Tarragona, son unos de los m\u00e1s apreciados y reconocidos de Catalu\u00f1a. Se tratan de aceites de oliva virgen extra, elaborados con variedades aut\u00f3ctonas como la arbequina y el rojillo. Estos aceites se caracterizan por su aroma afrutado, su sabor dulce y suave, y su color verde dorado. Los aceites del Priorat tienen una larga tradici\u00f3n hist\u00f3rica y cultural, y forman parte de la gastronom\u00eda t\u00edpica de la zona, donde se utilizan para ali\u00f1ar ensaladas, verduras, carnes o pescados. Adem\u00e1s, los aceites del Priorat cuentan con una denominaci\u00f3n de origen protegida (DOP) desde el a\u00f1o 2001, lo que garantiza su calidad y origen.<br \/>\n[\/et_pb_text][\/et_pb_column][\/et_pb_row][et_pb_row column_structure=\u00bb1_2,1_2&#8243; use_custom_gutter=\u00bbon\u00bb gutter_width=\u00bb1&#8243; make_equal=\u00bbon\u00bb _builder_version=\u00bb4.20.4&#8243; _module_preset=\u00bbdefault\u00bb background_enable_color=\u00bboff\u00bb width=\u00bb100%\u00bb max_width=\u00bb85%\u00bb custom_margin=\u00bb||||false|false\u00bb custom_padding=\u00bb45px|0px|45px|0px|true|true\u00bb hover_enabled=\u00bb0&#8243; global_colors_info=\u00bb{}\u00bb sticky_enabled=\u00bb0&#8243;][et_pb_column type=\u00bb1_2&#8243; _builder_version=\u00bb4.20.4&#8243; _module_preset=\u00bbdefault\u00bb background_image=\u00bbhttps:\/\/prioratenoturisme.com\/wp-content\/uploads\/prioratenoturisme_oli.jpg\u00bb hover_enabled=\u00bb0&#8243; global_colors_info=\u00bb{}\u00bb title_text=\u00bbprioratenoturisme_oli\u00bb sticky_enabled=\u00bb0&#8243;][et_pb_image src=\u00bbhttps:\/\/prioratenoturisme.com\/wp-content\/uploads\/prioratenoturisme_oli.jpg\u00bb title_text=\u00bbprioratenoturismo_aceite\u00bb disabled_on=\u00bboff|on|on\u00bb _builder_version=\u00bb4.20.4&#8243; _module_preset=\u00bbdefault\u00bb hover_enabled=\u00bb0&#8243; global_colors_info=\u00bb{}\u00bb sticky_enabled=\u00bb0&#8243;][\/et_pb_image][\/et_pb_column][et_pb_column type=\u00bb1_2&#8243; _builder_version=\u00bb4.20.4&#8243; _module_preset=\u00bbdefault\u00bb custom_padding=\u00bb4%|4%|4%|4%|true|true\u00bb custom_padding_tablet=\u00bb4%|4%|4%|4%|true|true\u00bb custom_padding_phone=\u00bb8%|4%|8%|4%|true|true\u00bb custom_padding_last_edited=\u00bbon|phone\u00bb global_colors_info=\u00bb{}\u00bb][et_pb_text _builder_version=\u00bb4.20.4&#8243; _module_preset=\u00bbdefault\u00bb header_2_font=\u00bb||||||||\u00bb header_2_text_align=\u00bbleft\u00bb header_2_text_color=\u00bb#6E7E25&#8243; header_2_font_size=\u00bb46px\u00bb custom_margin=\u00bb||||false|false\u00bb custom_padding=\u00bb||25px||false|false\u00bb header_2_text_align_tablet=\u00bbleft\u00bb header_2_text_align_phone=\u00bbcenter\u00bb header_2_text_align_last_edited=\u00bbon|phone\u00bb header_2_font_size_tablet=\u00bb46px\u00bb header_2_font_size_phone=\u00bb34px\u00bb header_2_font_size_last_edited=\u00bbon|phone\u00bb global_colors_info=\u00bb{}\u00bb]<\/p>\n<h2>ACEITES DE LA COMARCA<\/h2>\n<p>[\/et_pb_text][et_pb_text _builder_version=\u00bb4.20.4&#8243; _module_preset=\u00bbdefault\u00bb text_font=\u00bb|300|||||||\u00bb text_font_size=\u00bb12pt\u00bb text_line_height=\u00bb2em\u00bb global_colors_info=\u00bb{}\u00bb]<\/p>\n<p class=\"p1\"><span class=\"s1\">Las caracter\u00edsticas geol\u00f3gicas, terrenos calc\u00e1reos, licorellas (pizarras oxidadas) y gran\u00edticos, as\u00ed como las condiciones extremas de temperatura (verinos calurosos e inviernos fr\u00edos) son factores que favorecen el cultivo de la aceituna y conceden a los aceites del Priorat unas caracter\u00edsticas organol\u00e9pticas propias y diferenciadas.<\/span><\/p>\n<p>La variedad de aceituna m\u00e1s abundante es la arbequina, que llev\u00f3 el Duque de Medinaceli a nuestras tierras all\u00e1 por el siglo XVI. Sin embargo, tambi\u00e9n se cultivan variedades como: fragua, rojal, picudo rojo y sevillenca. El aceite que se produce en el Priorat transmite la intensidad propia de este territorio situado entre las comarcas del Baix Camp, las Garrigues y las Terres de l&#8217;Ebre, adquiriendo caracter\u00edsticas de todas ellas pero, al mismo tiempo, con una personalidad propia muy marcada . El resultado es un aceite de oliva virgen extra de m\u00e1xima calidad que se encuentra amparado y protegido por la DOP Siurana.<\/p>\n<p>La denominaci\u00f3n de aceite de oliva virgen extra indica que es un producto natural, obtenido de la prensada de las aceitunas mediante procedimientos f\u00edsicos, y, por tanto, es el zumo de la aceituna que conserva todo el aroma y el sabor del fruto. La gran cantidad de premios obtenidos por los aceites de los diferentes productores de la comarca demuestra la importancia del trabajo bien realizado en la elaboraci\u00f3n del producto, desde el trabajo en la finca, pasando por la elaboraci\u00f3n en el molino hasta el consumidor, obteniendo al final un peque\u00f1o tesoro: el aceite del Priorat.<br \/>\n[\/et_pb_text][\/et_pb_column][\/et_pb_row][\/et_pb_section][et_pb_section fb_built=\u00bb1&#8243; _builder_version=\u00bb4.20.4&#8243; _module_preset=\u00bbdefault\u00bb background_enable_color=\u00bboff\u00bb custom_padding=\u00bb20px|||||\u00bb global_colors_info=\u00bb{}\u00bb][et_pb_row use_custom_gutter=\u00bbon\u00bb gutter_width=\u00bb1&#8243; make_equal=\u00bbon\u00bb module_class=\u00bbreverse\u00bb _builder_version=\u00bb4.20.4&#8243; _module_preset=\u00bbdefault\u00bb background_color=\u00bb#909C2D\u00bb width=\u00bb100%\u00bb max_width=\u00bb85%\u00bb custom_margin=\u00bb||||false|false\u00bb custom_padding=\u00bb51px||51px||true|true\u00bb global_colors_info=\u00bb{}\u00bb][et_pb_column type=\u00bb4_4&#8243; _builder_version=\u00bb4.20.4&#8243; _module_preset=\u00bbdefault\u00bb global_colors_info=\u00bb{}\u00bb][et_pb_text _builder_version=\u00bb4.20.4&#8243; _module_preset=\u00bbdefault\u00bb header_3_font=\u00bbAdamina||on||||||\u00bb header_3_text_align=\u00bbcenter\u00bb header_3_text_color=\u00bb#FFFFFF\u00bb header_3_font_size=\u00bb26px\u00bb header_3_line_height=\u00bb1.6em\u00bb width=\u00bb70%\u00bb module_alignment=\u00bbcenter\u00bb custom_padding=\u00bb||||false|true\u00bb custom_padding_tablet=\u00bb||||false|true\u00bb custom_padding_phone=\u00bb|24px||24px|false|true\u00bb custom_padding_last_edited=\u00bbon|phone\u00bb header_3_font_size_tablet=\u00bb26px\u00bb header_3_font_size_phone=\u00bb20px\u00bb header_3_font_size_last_edited=\u00bbon|phone\u00bb global_colors_info=\u00bb{}\u00bb]<\/p>\n<h3>\u00abUna comarca pobre donde la gente ha luchado, se ha esforzado y ha reivindicado la dignidad de un territorio austero y amable.\u00bb<\/h3>\n<p>[\/et_pb_text][\/et_pb_column][\/et_pb_row][\/et_pb_section]<\/p>\n","protected":false},"excerpt":{"rendered":"<p>Los aceites de la comarca del Priorat, en la provincia de Tarragona, son unos de los m\u00e1s apreciados y reconocidos de Catalu\u00f1a. Se tratan de aceites de oliva virgen extra, elaborados con variedades aut\u00f3ctonas como la arbequina y el rojillo. Estos aceites se caracterizan por su aroma afrutado, su sabor dulce y suave, y su [&hellip;]<\/p>\n","protected":false},"author":1,"featured_media":0,"parent":927,"menu_order":40,"comment_status":"closed","ping_status":"closed","template":"","meta":{"_acf_changed":false,"_et_pb_use_builder":"on","_et_pb_old_content":"","_et_gb_content_width":"","footnotes":""},"class_list":["post-931","page","type-page","status-publish","hentry"],"acf":[],"yoast_head":"<!-- This site is optimized with the Yoast SEO plugin v25.6 - https:\/\/yoast.com\/wordpress\/plugins\/seo\/ -->\n<title>Nuestros aceites - Priorat Enoturisme<\/title>\n<meta name=\"robots\" content=\"index, follow, max-snippet:-1, max-image-preview:large, max-video-preview:-1\" \/>\n<link rel=\"canonical\" href=\"https:\/\/www.prioratenoturisme.com\/priorat\/loli\/\" \/>\n<meta property=\"og:locale\" content=\"es_ES\" \/>\n<meta property=\"og:type\" content=\"article\" \/>\n<meta property=\"og:title\" content=\"Nuestros aceites - Priorat Enoturisme\" \/>\n<meta property=\"og:description\" content=\"Los aceites de la comarca del Priorat, en la provincia de Tarragona, son unos de los m\u00e1s apreciados y reconocidos de Catalu\u00f1a. Se tratan de aceites de oliva virgen extra, elaborados con variedades aut\u00f3ctonas como la arbequina y el rojillo. Estos aceites se caracterizan por su aroma afrutado, su sabor dulce y suave, y su [&hellip;]\" \/>\n<meta property=\"og:url\" content=\"https:\/\/www.prioratenoturisme.com\/priorat\/loli\/\" \/>\n<meta property=\"og:site_name\" content=\"Priorat Enoturisme\" \/>\n<meta property=\"article:publisher\" content=\"https:\/\/www.facebook.com\/prioratenoturisme\/\" \/>\n<meta property=\"article:modified_time\" content=\"2023-04-20T21:24:35+00:00\" \/>\n<meta name=\"twitter:card\" content=\"summary_large_image\" \/>\n<meta name=\"twitter:label1\" content=\"Tiempo de lectura\" \/>\n\t<meta name=\"twitter:data1\" content=\"6 minutos\" \/>\n<script type=\"application\/ld+json\" class=\"yoast-schema-graph\">{\"@context\":\"https:\/\/schema.org\",\"@graph\":[{\"@type\":\"WebPage\",\"@id\":\"https:\/\/www.prioratenoturisme.com\/priorat\/loli\/\",\"url\":\"https:\/\/www.prioratenoturisme.com\/priorat\/loli\/\",\"name\":\"Nuestros aceites - Priorat Enoturisme\",\"isPartOf\":{\"@id\":\"https:\/\/www.prioratenoturisme.com\/#website\"},\"datePublished\":\"2023-03-15T15:27:14+00:00\",\"dateModified\":\"2023-04-20T21:24:35+00:00\",\"breadcrumb\":{\"@id\":\"https:\/\/www.prioratenoturisme.com\/priorat\/loli\/#breadcrumb\"},\"inLanguage\":\"es\",\"potentialAction\":[{\"@type\":\"ReadAction\",\"target\":[\"https:\/\/www.prioratenoturisme.com\/priorat\/loli\/\"]}]},{\"@type\":\"BreadcrumbList\",\"@id\":\"https:\/\/www.prioratenoturisme.com\/priorat\/loli\/#breadcrumb\",\"itemListElement\":[{\"@type\":\"ListItem\",\"position\":1,\"name\":\"Portada\",\"item\":\"https:\/\/www.prioratenoturisme.com\/es\/inicio-vive-el-priorat\/\"},{\"@type\":\"ListItem\",\"position\":2,\"name\":\"Priorat\",\"item\":\"https:\/\/www.prioratenoturisme.com\/priorat\/\"},{\"@type\":\"ListItem\",\"position\":3,\"name\":\"Nuestros aceites\"}]},{\"@type\":\"WebSite\",\"@id\":\"https:\/\/www.prioratenoturisme.com\/#website\",\"url\":\"https:\/\/www.prioratenoturisme.com\/\",\"name\":\"Priorat Enoturisme\",\"description\":\"Viu el Priorat\",\"publisher\":{\"@id\":\"https:\/\/www.prioratenoturisme.com\/#organization\"},\"potentialAction\":[{\"@type\":\"SearchAction\",\"target\":{\"@type\":\"EntryPoint\",\"urlTemplate\":\"https:\/\/www.prioratenoturisme.com\/?s={search_term_string}\"},\"query-input\":{\"@type\":\"PropertyValueSpecification\",\"valueRequired\":true,\"valueName\":\"search_term_string\"}}],\"inLanguage\":\"es\"},{\"@type\":\"Organization\",\"@id\":\"https:\/\/www.prioratenoturisme.com\/#organization\",\"name\":\"Priorat Enoturisme\",\"url\":\"https:\/\/www.prioratenoturisme.com\/\",\"logo\":{\"@type\":\"ImageObject\",\"inLanguage\":\"es\",\"@id\":\"https:\/\/www.prioratenoturisme.com\/#\/schema\/logo\/image\/\",\"url\":\"https:\/\/www.prioratenoturisme.com\/wp-content\/uploads\/2023\/03\/cropped-FAVICON.png\",\"contentUrl\":\"https:\/\/www.prioratenoturisme.com\/wp-content\/uploads\/2023\/03\/cropped-FAVICON.png\",\"width\":512,\"height\":512,\"caption\":\"Priorat Enoturisme\"},\"image\":{\"@id\":\"https:\/\/www.prioratenoturisme.com\/#\/schema\/logo\/image\/\"},\"sameAs\":[\"https:\/\/www.facebook.com\/prioratenoturisme\/\",\"https:\/\/www.instagram.com\/prioratenoturisme\/\"]}]}<\/script>\n<!-- \/ Yoast SEO plugin. -->","yoast_head_json":{"title":"Nuestros aceites - Priorat Enoturisme","robots":{"index":"index","follow":"follow","max-snippet":"max-snippet:-1","max-image-preview":"max-image-preview:large","max-video-preview":"max-video-preview:-1"},"canonical":"https:\/\/www.prioratenoturisme.com\/priorat\/loli\/","og_locale":"es_ES","og_type":"article","og_title":"Nuestros aceites - Priorat Enoturisme","og_description":"Los aceites de la comarca del Priorat, en la provincia de Tarragona, son unos de los m\u00e1s apreciados y reconocidos de Catalu\u00f1a. Se tratan de aceites de oliva virgen extra, elaborados con variedades aut\u00f3ctonas como la arbequina y el rojillo. Estos aceites se caracterizan por su aroma afrutado, su sabor dulce y suave, y su [&hellip;]","og_url":"https:\/\/www.prioratenoturisme.com\/priorat\/loli\/","og_site_name":"Priorat Enoturisme","article_publisher":"https:\/\/www.facebook.com\/prioratenoturisme\/","article_modified_time":"2023-04-20T21:24:35+00:00","twitter_card":"summary_large_image","twitter_misc":{"Tiempo de lectura":"6 minutos"},"schema":{"@context":"https:\/\/schema.org","@graph":[{"@type":"WebPage","@id":"https:\/\/www.prioratenoturisme.com\/priorat\/loli\/","url":"https:\/\/www.prioratenoturisme.com\/priorat\/loli\/","name":"Nuestros aceites - Priorat Enoturisme","isPartOf":{"@id":"https:\/\/www.prioratenoturisme.com\/#website"},"datePublished":"2023-03-15T15:27:14+00:00","dateModified":"2023-04-20T21:24:35+00:00","breadcrumb":{"@id":"https:\/\/www.prioratenoturisme.com\/priorat\/loli\/#breadcrumb"},"inLanguage":"es","potentialAction":[{"@type":"ReadAction","target":["https:\/\/www.prioratenoturisme.com\/priorat\/loli\/"]}]},{"@type":"BreadcrumbList","@id":"https:\/\/www.prioratenoturisme.com\/priorat\/loli\/#breadcrumb","itemListElement":[{"@type":"ListItem","position":1,"name":"Portada","item":"https:\/\/www.prioratenoturisme.com\/es\/inicio-vive-el-priorat\/"},{"@type":"ListItem","position":2,"name":"Priorat","item":"https:\/\/www.prioratenoturisme.com\/priorat\/"},{"@type":"ListItem","position":3,"name":"Nuestros aceites"}]},{"@type":"WebSite","@id":"https:\/\/www.prioratenoturisme.com\/#website","url":"https:\/\/www.prioratenoturisme.com\/","name":"Priorat Enoturisme","description":"Viu el Priorat","publisher":{"@id":"https:\/\/www.prioratenoturisme.com\/#organization"},"potentialAction":[{"@type":"SearchAction","target":{"@type":"EntryPoint","urlTemplate":"https:\/\/www.prioratenoturisme.com\/?s={search_term_string}"},"query-input":{"@type":"PropertyValueSpecification","valueRequired":true,"valueName":"search_term_string"}}],"inLanguage":"es"},{"@type":"Organization","@id":"https:\/\/www.prioratenoturisme.com\/#organization","name":"Priorat Enoturisme","url":"https:\/\/www.prioratenoturisme.com\/","logo":{"@type":"ImageObject","inLanguage":"es","@id":"https:\/\/www.prioratenoturisme.com\/#\/schema\/logo\/image\/","url":"https:\/\/www.prioratenoturisme.com\/wp-content\/uploads\/2023\/03\/cropped-FAVICON.png","contentUrl":"https:\/\/www.prioratenoturisme.com\/wp-content\/uploads\/2023\/03\/cropped-FAVICON.png","width":512,"height":512,"caption":"Priorat Enoturisme"},"image":{"@id":"https:\/\/www.prioratenoturisme.com\/#\/schema\/logo\/image\/"},"sameAs":["https:\/\/www.facebook.com\/prioratenoturisme\/","https:\/\/www.instagram.com\/prioratenoturisme\/"]}]}},"_links":{"self":[{"href":"https:\/\/www.prioratenoturisme.com\/es\/wp-json\/wp\/v2\/pages\/931","targetHints":{"allow":["GET"]}}],"collection":[{"href":"https:\/\/www.prioratenoturisme.com\/es\/wp-json\/wp\/v2\/pages"}],"about":[{"href":"https:\/\/www.prioratenoturisme.com\/es\/wp-json\/wp\/v2\/types\/page"}],"author":[{"embeddable":true,"href":"https:\/\/www.prioratenoturisme.com\/es\/wp-json\/wp\/v2\/users\/1"}],"replies":[{"embeddable":true,"href":"https:\/\/www.prioratenoturisme.com\/es\/wp-json\/wp\/v2\/comments?post=931"}],"version-history":[{"count":2,"href":"https:\/\/www.prioratenoturisme.com\/es\/wp-json\/wp\/v2\/pages\/931\/revisions"}],"predecessor-version":[{"id":933,"href":"https:\/\/www.prioratenoturisme.com\/es\/wp-json\/wp\/v2\/pages\/931\/revisions\/933"}],"up":[{"embeddable":true,"href":"https:\/\/www.prioratenoturisme.com\/es\/wp-json\/wp\/v2\/pages\/927"}],"wp:attachment":[{"href":"https:\/\/www.prioratenoturisme.com\/es\/wp-json\/wp\/v2\/media?parent=931"}],"curies":[{"name":"wp","href":"https:\/\/api.w.org\/{rel}","templated":true}]}}