{"id":934,"date":"2023-03-15T16:27:14","date_gmt":"2023-03-15T15:27:14","guid":{"rendered":"https:\/\/www.prioratenoturisme.com\/priorat\/la-historia\/"},"modified":"2023-04-20T22:24:51","modified_gmt":"2023-04-20T21:24:51","slug":"la-historia","status":"publish","type":"page","link":"https:\/\/www.prioratenoturisme.com\/es\/priorat\/la-historia\/","title":{"rendered":"La historia"},"content":{"rendered":"<p>[et_pb_section fb_built=\u00bb1&#8243; _builder_version=\u00bb4.20.4&#8243; _module_preset=\u00bbdefault\u00bb background_color=\u00bb#683538&#8243; custom_padding=\u00bb0px||0px||true|false\u00bb global_colors_info=\u00bb{}\u00bb][et_pb_row use_custom_gutter=\u00bbon\u00bb gutter_width=\u00bb1&#8243; make_equal=\u00bbon\u00bb _builder_version=\u00bb4.20.4&#8243; _module_preset=\u00bbdefault\u00bb background_enable_color=\u00bboff\u00bb width=\u00bb100%\u00bb max_width=\u00bb85%\u00bb custom_margin=\u00bb||||false|false\u00bb custom_padding=\u00bb60px|0px|15px|0px|false|false\u00bb global_colors_info=\u00bb{}\u00bb][et_pb_column type=\u00bb4_4&#8243; _builder_version=\u00bb4.20.4&#8243; _module_preset=\u00bbdefault\u00bb background_enable_image=\u00bboff\u00bb global_colors_info=\u00bb{}\u00bb][et_pb_post_title meta=\u00bboff\u00bb featured_image=\u00bboff\u00bb _builder_version=\u00bb4.20.4&#8243; _module_preset=\u00bbdefault\u00bb title_font=\u00bb||||||||\u00bb title_text_align=\u00bbcenter\u00bb title_text_color=\u00bb#FFFFFF\u00bb title_font_size=\u00bb60px\u00bb custom_margin=\u00bb||0px|||\u00bb title_text_align_tablet=\u00bbcenter\u00bb title_text_align_phone=\u00bbleft\u00bb title_text_align_last_edited=\u00bbon|phone\u00bb title_font_size_tablet=\u00bb60px\u00bb title_font_size_phone=\u00bb44px\u00bb title_font_size_last_edited=\u00bbon|phone\u00bb title_line_height_tablet=\u00bb\u00bb title_line_height_phone=\u00bb1.2em\u00bb title_line_height_last_edited=\u00bbon|phone\u00bb global_colors_info=\u00bb{}\u00bb][\/et_pb_post_title][\/et_pb_column][\/et_pb_row][\/et_pb_section][et_pb_section fb_built=\u00bb1&#8243; _builder_version=\u00bb4.20.4&#8243; _module_preset=\u00bbdefault\u00bb background_enable_color=\u00bboff\u00bb custom_padding=\u00bb0px||0px||false|false\u00bb global_colors_info=\u00bb{}\u00bb][et_pb_row use_custom_gutter=\u00bbon\u00bb gutter_width=\u00bb1&#8243; make_equal=\u00bbon\u00bb _builder_version=\u00bb4.20.4&#8243; _module_preset=\u00bbdefault\u00bb background_enable_color=\u00bboff\u00bb width=\u00bb100%\u00bb max_width=\u00bb85%\u00bb custom_margin=\u00bb||||false|false\u00bb custom_padding=\u00bb80px|0px|80px|0px|true|true\u00bb global_colors_info=\u00bb{}\u00bb][et_pb_column type=\u00bb4_4&#8243; _builder_version=\u00bb4.20.4&#8243; _module_preset=\u00bbdefault\u00bb background_enable_image=\u00bboff\u00bb global_colors_info=\u00bb{}\u00bb][et_pb_text _builder_version=\u00bb4.20.4&#8243; _module_preset=\u00bbdefault\u00bb text_font=\u00bb|300|||||||\u00bb text_font_size=\u00bb16pt\u00bb text_line_height=\u00bb2em\u00bb custom_margin=\u00bb-3px|||||\u00bb text_font_size_tablet=\u00bb16pt\u00bb text_font_size_phone=\u00bb14pt\u00bb text_font_size_last_edited=\u00bbon|phone\u00bb global_colors_info=\u00bb{}\u00bb]<\/p>\n<p>El Priorat es una comarca catalana ubicada en la provincia de Tarragona. Su nombre proviene del antiguo monasterio de Santa Mar\u00eda de Scala Dei, fundado en el siglo XII por los monjes cartujos y que ejerci\u00f3 una gran influencia en la zona. El Priorat se caracteriza por su paisaje monta\u00f1oso, sus vi\u00f1edos y su patrimonio hist\u00f3rico y cultural. Entre sus principales atractivos se encuentran el Parque Natural de la Sierra del Montsant, El monasterio de Santa Mar\u00eda de Scala Dei y la ruta del vino, que permite conocer las bodegas y vinos con denominaci\u00f3n de origen Priorat.<\/p>\n<p>[\/et_pb_text][\/et_pb_column][\/et_pb_row][et_pb_row column_structure=\u00bb1_2,1_2&#8243; use_custom_gutter=\u00bbon\u00bb gutter_width=\u00bb1&#8243; make_equal=\u00bbon\u00bb _builder_version=\u00bb4.20.4&#8243; _module_preset=\u00bbdefault\u00bb background_enable_color=\u00bboff\u00bb width=\u00bb100%\u00bb max_width=\u00bb85%\u00bb custom_margin=\u00bb||||false|false\u00bb custom_padding=\u00bb45px|0px|45px|0px|true|true\u00bb hover_enabled=\u00bb0&#8243; global_colors_info=\u00bb{}\u00bb sticky_enabled=\u00bb0&#8243;][et_pb_column type=\u00bb1_2&#8243; _builder_version=\u00bb4.20.4&#8243; _module_preset=\u00bbdefault\u00bb background_image=\u00bbhttps:\/\/prioratenoturisme.com\/wp-content\/uploads\/prioratenoturisme_historia.jpg\u00bb hover_enabled=\u00bb0&#8243; global_colors_info=\u00bb{}\u00bb title_text=\u00bbprioratenoturisme_historia\u00bb sticky_enabled=\u00bb0&#8243;][et_pb_image src=\u00bbhttps:\/\/prioratenoturisme.com\/wp-content\/uploads\/prioratenoturisme_historia.jpg\u00bb title_text=\u00bbprioratenoturismo_historia\u00bb disabled_on=\u00bboff|on|on\u00bb _builder_version=\u00bb4.20.4&#8243; _module_preset=\u00bbdefault\u00bb hover_enabled=\u00bb0&#8243; global_colors_info=\u00bb{}\u00bb sticky_enabled=\u00bb0&#8243;][\/et_pb_image][\/et_pb_column][et_pb_column type=\u00bb1_2&#8243; _builder_version=\u00bb4.20.4&#8243; _module_preset=\u00bbdefault\u00bb custom_padding=\u00bb4%|4%|4%|4%|true|true\u00bb custom_padding_tablet=\u00bb4%|4%|4%|4%|true|true\u00bb custom_padding_phone=\u00bb8%|4%|8%|4%|true|true\u00bb custom_padding_last_edited=\u00bbon|phone\u00bb global_colors_info=\u00bb{}\u00bb][et_pb_text _builder_version=\u00bb4.20.4&#8243; _module_preset=\u00bbdefault\u00bb header_2_font=\u00bb||||||||\u00bb header_2_text_align=\u00bbleft\u00bb header_2_text_color=\u00bb#6E7E25&#8243; header_2_font_size=\u00bb46px\u00bb custom_margin=\u00bb||||false|false\u00bb custom_padding=\u00bb||25px||false|false\u00bb header_2_text_align_tablet=\u00bbleft\u00bb header_2_text_align_phone=\u00bbcenter\u00bb header_2_text_align_last_edited=\u00bbon|phone\u00bb header_2_font_size_tablet=\u00bb46px\u00bb header_2_font_size_phone=\u00bb34px\u00bb header_2_font_size_last_edited=\u00bbon|phone\u00bb global_colors_info=\u00bb{}\u00bb]<\/p>\n<h2>EL PRIORATO<\/h2>\n<p>[\/et_pb_text][et_pb_text _builder_version=\u00bb4.20.4&#8243; _module_preset=\u00bbdefault\u00bb text_font=\u00bb|300|||||||\u00bb text_font_size=\u00bb12pt\u00bb text_line_height=\u00bb2em\u00bb global_colors_info=\u00bb{}\u00bb]<\/p>\n<p>El Priorat, situado al sur del Principado, forma parte de las comarcas de la Catalunya Nova, el territorio ocupado por los sarracenos hasta el s.XII. Conserva vestigios de \u00e9pocas pret\u00e9ritas que nos hacen viajar en el tiempo, entre los m\u00e1s lejanos la fortaleza sarracena de Siurana, capital del extenso valido del mismo nombre, en cuyo interior se han encontrado los restos de una de las mezquitas m\u00e1s antiguas de Catalu\u00f1a. La reconquista cristiana, iniciada por el rey Ram\u00f3n Berenguer IV, supuso la edificaci\u00f3n de iglesias y monasterios para difundir la nueva fe.<\/p>\n<p>La iglesia de Siurana es un buen ejemplo, construida en el s.XII, es una de las pocas iglesias de estilo rom\u00e1nico que se conservan en el sur de Catalu\u00f1a. La cristianizaci\u00f3n nos leg\u00f3 el monumento m\u00e1s destacado de la comarca: la Cartuja de Santa Mar\u00eda de Escaladei. Fundada a finales del s.XII, inicialmente de reducidas dimensiones, fue ampliada y reformada a lo largo de los siglos hasta llegar a tener el aspecto neocl\u00e1sico que hoy podemos vislumbrar.<\/p>\n<p>El Priorato de Escaladei fue durante siglos una administraci\u00f3n poderosa que entr\u00f3 a menudo en conflicto con la casa de Prades, se\u00f1ores de buena parte del resto del territorio prioratino. Los condes de Prades construyeron el castillo que domina la villa de Falset en el s.XII, que pas\u00f3 de familia en familia hasta llegar a manos de los \u00faltimos se\u00f1ores de la poblaci\u00f3n, los Medinaceli. Estos hicieron levantar en el s.XVII su palacio en la plaza de la Quartera (actual Ayuntamiento), una de las plazas m\u00e1s bonitas del Priorat, cerca de la cual, otra familia noble, los Azara, construyeron su residencia ( actual sede del Consejo Comarcal del Priorat). Son testominios de este esplendor las bellas fachadas de ambos edificios.<\/p>\n<p>La industrializaci\u00f3n de Catalu\u00f1a del s.XIX tambi\u00e9n lleg\u00f3 al Priorat, aunque modestamente. La explotaci\u00f3n minera de la cuenca del Siurana, nos ha legado un complejo minero-metal\u00fargico de los m\u00e1s importantes del pa\u00eds en el pueblo de Bellmunt.<br \/>Los aires de modernidad y las nuevas tendencias vanguardistas de inicios del s.XX, junto con el movimiento cooperativista, dejaron la huella de arquitectos relevantes como C\u00e8sar Martinell, disc\u00edpulo de Gaud\u00ed. Padre del modernismo rural, proyect\u00f3 las llamadas catedrales del vino, concretamente en el Priorat, las bodegas cooperativas de Falset y Cornudella de Montsant.<\/p>\n<p>[\/et_pb_text][\/et_pb_column][\/et_pb_row][\/et_pb_section][et_pb_section fb_built=\u00bb1&#8243; _builder_version=\u00bb4.20.4&#8243; _module_preset=\u00bbdefault\u00bb background_enable_color=\u00bboff\u00bb custom_padding=\u00bb20px|||||\u00bb global_colors_info=\u00bb{}\u00bb][et_pb_row use_custom_gutter=\u00bbon\u00bb gutter_width=\u00bb1&#8243; make_equal=\u00bbon\u00bb module_class=\u00bbreverse\u00bb _builder_version=\u00bb4.20.4&#8243; _module_preset=\u00bbdefault\u00bb background_color=\u00bb#909C2D\u00bb width=\u00bb100%\u00bb max_width=\u00bb85%\u00bb custom_margin=\u00bb||||false|false\u00bb custom_padding=\u00bb51px||51px||true|true\u00bb global_colors_info=\u00bb{}\u00bb][et_pb_column type=\u00bb4_4&#8243; _builder_version=\u00bb4.20.4&#8243; _module_preset=\u00bbdefault\u00bb global_colors_info=\u00bb{}\u00bb][et_pb_text _builder_version=\u00bb4.20.4&#8243; _module_preset=\u00bbdefault\u00bb header_3_font=\u00bbAdamina||on||||||\u00bb header_3_text_align=\u00bbcenter\u00bb header_3_text_color=\u00bb#FFFFFF\u00bb header_3_font_size=\u00bb26px\u00bb header_3_line_height=\u00bb1.6em\u00bb width=\u00bb70%\u00bb module_alignment=\u00bbcenter\u00bb custom_padding=\u00bb||||false|true\u00bb custom_padding_tablet=\u00bb||||false|true\u00bb custom_padding_phone=\u00bb|24px||24px|false|true\u00bb custom_padding_last_edited=\u00bbon|phone\u00bb header_3_font_size_tablet=\u00bb26px\u00bb header_3_font_size_phone=\u00bb20px\u00bb header_3_font_size_last_edited=\u00bbon|phone\u00bb global_colors_info=\u00bb{}\u00bb]<\/p>\n<h3><span>Una comarca con un car\u00e1cter propio muy marcado y con una historia fascinante, donde la tradici\u00f3n y la modernidad conviven, pero manteniendo las caracter\u00edsticas propias de la comarca. Unos pueblos que cuentan su historia a trav\u00e9s de sus vinos y aceites.<\/span><\/h3>\n<p>[\/et_pb_text][\/et_pb_column][\/et_pb_row][\/et_pb_section]<\/p>\n","protected":false},"excerpt":{"rendered":"<p>El Priorat es una comarca catalana ubicada en la provincia de Tarragona. Su nombre proviene del antiguo monasterio de Santa Mar\u00eda de Scala Dei, fundado en el siglo XII por los monjes cartujos y que ejerci\u00f3 una gran influencia en la zona. El Priorat se caracteriza por su paisaje monta\u00f1oso, sus vi\u00f1edos y su patrimonio [&hellip;]<\/p>\n","protected":false},"author":1,"featured_media":0,"parent":927,"menu_order":50,"comment_status":"closed","ping_status":"closed","template":"","meta":{"_acf_changed":false,"_et_pb_use_builder":"on","_et_pb_old_content":"","_et_gb_content_width":"","footnotes":""},"class_list":["post-934","page","type-page","status-publish","hentry"],"acf":[],"yoast_head":"<!-- This site is optimized with the Yoast SEO plugin v25.6 - https:\/\/yoast.com\/wordpress\/plugins\/seo\/ -->\n<title>La historia - Priorat Enoturisme<\/title>\n<meta name=\"robots\" content=\"index, follow, max-snippet:-1, max-image-preview:large, max-video-preview:-1\" \/>\n<link rel=\"canonical\" href=\"https:\/\/www.prioratenoturisme.com\/priorat\/la-historia\/\" \/>\n<meta property=\"og:locale\" content=\"es_ES\" \/>\n<meta property=\"og:type\" content=\"article\" \/>\n<meta property=\"og:title\" content=\"La historia - Priorat Enoturisme\" \/>\n<meta property=\"og:description\" content=\"El Priorat es una comarca catalana ubicada en la provincia de Tarragona. Su nombre proviene del antiguo monasterio de Santa Mar\u00eda de Scala Dei, fundado en el siglo XII por los monjes cartujos y que ejerci\u00f3 una gran influencia en la zona. El Priorat se caracteriza por su paisaje monta\u00f1oso, sus vi\u00f1edos y su patrimonio [&hellip;]\" \/>\n<meta property=\"og:url\" content=\"https:\/\/www.prioratenoturisme.com\/priorat\/la-historia\/\" \/>\n<meta property=\"og:site_name\" content=\"Priorat Enoturisme\" \/>\n<meta property=\"article:publisher\" content=\"https:\/\/www.facebook.com\/prioratenoturisme\/\" \/>\n<meta property=\"article:modified_time\" content=\"2023-04-20T21:24:51+00:00\" \/>\n<meta name=\"twitter:card\" content=\"summary_large_image\" \/>\n<meta name=\"twitter:label1\" content=\"Tiempo de lectura\" \/>\n\t<meta name=\"twitter:data1\" content=\"6 minutos\" \/>\n<script type=\"application\/ld+json\" class=\"yoast-schema-graph\">{\"@context\":\"https:\/\/schema.org\",\"@graph\":[{\"@type\":\"WebPage\",\"@id\":\"https:\/\/www.prioratenoturisme.com\/priorat\/la-historia\/\",\"url\":\"https:\/\/www.prioratenoturisme.com\/priorat\/la-historia\/\",\"name\":\"La historia - Priorat Enoturisme\",\"isPartOf\":{\"@id\":\"https:\/\/www.prioratenoturisme.com\/#website\"},\"datePublished\":\"2023-03-15T15:27:14+00:00\",\"dateModified\":\"2023-04-20T21:24:51+00:00\",\"breadcrumb\":{\"@id\":\"https:\/\/www.prioratenoturisme.com\/priorat\/la-historia\/#breadcrumb\"},\"inLanguage\":\"es\",\"potentialAction\":[{\"@type\":\"ReadAction\",\"target\":[\"https:\/\/www.prioratenoturisme.com\/priorat\/la-historia\/\"]}]},{\"@type\":\"BreadcrumbList\",\"@id\":\"https:\/\/www.prioratenoturisme.com\/priorat\/la-historia\/#breadcrumb\",\"itemListElement\":[{\"@type\":\"ListItem\",\"position\":1,\"name\":\"Portada\",\"item\":\"https:\/\/www.prioratenoturisme.com\/es\/inicio-vive-el-priorat\/\"},{\"@type\":\"ListItem\",\"position\":2,\"name\":\"Priorat\",\"item\":\"https:\/\/www.prioratenoturisme.com\/priorat\/\"},{\"@type\":\"ListItem\",\"position\":3,\"name\":\"La historia\"}]},{\"@type\":\"WebSite\",\"@id\":\"https:\/\/www.prioratenoturisme.com\/#website\",\"url\":\"https:\/\/www.prioratenoturisme.com\/\",\"name\":\"Priorat Enoturisme\",\"description\":\"Viu el Priorat\",\"publisher\":{\"@id\":\"https:\/\/www.prioratenoturisme.com\/#organization\"},\"potentialAction\":[{\"@type\":\"SearchAction\",\"target\":{\"@type\":\"EntryPoint\",\"urlTemplate\":\"https:\/\/www.prioratenoturisme.com\/?s={search_term_string}\"},\"query-input\":{\"@type\":\"PropertyValueSpecification\",\"valueRequired\":true,\"valueName\":\"search_term_string\"}}],\"inLanguage\":\"es\"},{\"@type\":\"Organization\",\"@id\":\"https:\/\/www.prioratenoturisme.com\/#organization\",\"name\":\"Priorat Enoturisme\",\"url\":\"https:\/\/www.prioratenoturisme.com\/\",\"logo\":{\"@type\":\"ImageObject\",\"inLanguage\":\"es\",\"@id\":\"https:\/\/www.prioratenoturisme.com\/#\/schema\/logo\/image\/\",\"url\":\"https:\/\/www.prioratenoturisme.com\/wp-content\/uploads\/2023\/03\/cropped-FAVICON.png\",\"contentUrl\":\"https:\/\/www.prioratenoturisme.com\/wp-content\/uploads\/2023\/03\/cropped-FAVICON.png\",\"width\":512,\"height\":512,\"caption\":\"Priorat Enoturisme\"},\"image\":{\"@id\":\"https:\/\/www.prioratenoturisme.com\/#\/schema\/logo\/image\/\"},\"sameAs\":[\"https:\/\/www.facebook.com\/prioratenoturisme\/\",\"https:\/\/www.instagram.com\/prioratenoturisme\/\"]}]}<\/script>\n<!-- \/ Yoast SEO plugin. -->","yoast_head_json":{"title":"La historia - Priorat Enoturisme","robots":{"index":"index","follow":"follow","max-snippet":"max-snippet:-1","max-image-preview":"max-image-preview:large","max-video-preview":"max-video-preview:-1"},"canonical":"https:\/\/www.prioratenoturisme.com\/priorat\/la-historia\/","og_locale":"es_ES","og_type":"article","og_title":"La historia - Priorat Enoturisme","og_description":"El Priorat es una comarca catalana ubicada en la provincia de Tarragona. Su nombre proviene del antiguo monasterio de Santa Mar\u00eda de Scala Dei, fundado en el siglo XII por los monjes cartujos y que ejerci\u00f3 una gran influencia en la zona. El Priorat se caracteriza por su paisaje monta\u00f1oso, sus vi\u00f1edos y su patrimonio [&hellip;]","og_url":"https:\/\/www.prioratenoturisme.com\/priorat\/la-historia\/","og_site_name":"Priorat Enoturisme","article_publisher":"https:\/\/www.facebook.com\/prioratenoturisme\/","article_modified_time":"2023-04-20T21:24:51+00:00","twitter_card":"summary_large_image","twitter_misc":{"Tiempo de lectura":"6 minutos"},"schema":{"@context":"https:\/\/schema.org","@graph":[{"@type":"WebPage","@id":"https:\/\/www.prioratenoturisme.com\/priorat\/la-historia\/","url":"https:\/\/www.prioratenoturisme.com\/priorat\/la-historia\/","name":"La historia - Priorat Enoturisme","isPartOf":{"@id":"https:\/\/www.prioratenoturisme.com\/#website"},"datePublished":"2023-03-15T15:27:14+00:00","dateModified":"2023-04-20T21:24:51+00:00","breadcrumb":{"@id":"https:\/\/www.prioratenoturisme.com\/priorat\/la-historia\/#breadcrumb"},"inLanguage":"es","potentialAction":[{"@type":"ReadAction","target":["https:\/\/www.prioratenoturisme.com\/priorat\/la-historia\/"]}]},{"@type":"BreadcrumbList","@id":"https:\/\/www.prioratenoturisme.com\/priorat\/la-historia\/#breadcrumb","itemListElement":[{"@type":"ListItem","position":1,"name":"Portada","item":"https:\/\/www.prioratenoturisme.com\/es\/inicio-vive-el-priorat\/"},{"@type":"ListItem","position":2,"name":"Priorat","item":"https:\/\/www.prioratenoturisme.com\/priorat\/"},{"@type":"ListItem","position":3,"name":"La historia"}]},{"@type":"WebSite","@id":"https:\/\/www.prioratenoturisme.com\/#website","url":"https:\/\/www.prioratenoturisme.com\/","name":"Priorat Enoturisme","description":"Viu el Priorat","publisher":{"@id":"https:\/\/www.prioratenoturisme.com\/#organization"},"potentialAction":[{"@type":"SearchAction","target":{"@type":"EntryPoint","urlTemplate":"https:\/\/www.prioratenoturisme.com\/?s={search_term_string}"},"query-input":{"@type":"PropertyValueSpecification","valueRequired":true,"valueName":"search_term_string"}}],"inLanguage":"es"},{"@type":"Organization","@id":"https:\/\/www.prioratenoturisme.com\/#organization","name":"Priorat Enoturisme","url":"https:\/\/www.prioratenoturisme.com\/","logo":{"@type":"ImageObject","inLanguage":"es","@id":"https:\/\/www.prioratenoturisme.com\/#\/schema\/logo\/image\/","url":"https:\/\/www.prioratenoturisme.com\/wp-content\/uploads\/2023\/03\/cropped-FAVICON.png","contentUrl":"https:\/\/www.prioratenoturisme.com\/wp-content\/uploads\/2023\/03\/cropped-FAVICON.png","width":512,"height":512,"caption":"Priorat Enoturisme"},"image":{"@id":"https:\/\/www.prioratenoturisme.com\/#\/schema\/logo\/image\/"},"sameAs":["https:\/\/www.facebook.com\/prioratenoturisme\/","https:\/\/www.instagram.com\/prioratenoturisme\/"]}]}},"_links":{"self":[{"href":"https:\/\/www.prioratenoturisme.com\/es\/wp-json\/wp\/v2\/pages\/934","targetHints":{"allow":["GET"]}}],"collection":[{"href":"https:\/\/www.prioratenoturisme.com\/es\/wp-json\/wp\/v2\/pages"}],"about":[{"href":"https:\/\/www.prioratenoturisme.com\/es\/wp-json\/wp\/v2\/types\/page"}],"author":[{"embeddable":true,"href":"https:\/\/www.prioratenoturisme.com\/es\/wp-json\/wp\/v2\/users\/1"}],"replies":[{"embeddable":true,"href":"https:\/\/www.prioratenoturisme.com\/es\/wp-json\/wp\/v2\/comments?post=934"}],"version-history":[{"count":2,"href":"https:\/\/www.prioratenoturisme.com\/es\/wp-json\/wp\/v2\/pages\/934\/revisions"}],"predecessor-version":[{"id":936,"href":"https:\/\/www.prioratenoturisme.com\/es\/wp-json\/wp\/v2\/pages\/934\/revisions\/936"}],"up":[{"embeddable":true,"href":"https:\/\/www.prioratenoturisme.com\/es\/wp-json\/wp\/v2\/pages\/927"}],"wp:attachment":[{"href":"https:\/\/www.prioratenoturisme.com\/es\/wp-json\/wp\/v2\/media?parent=934"}],"curies":[{"name":"wp","href":"https:\/\/api.w.org\/{rel}","templated":true}]}}